{"id":133,"date":"2017-11-16T07:13:18","date_gmt":"2017-11-16T07:13:18","guid":{"rendered":"http:\/\/findeo.wpengine.com\/?page_id=854"},"modified":"2017-11-16T07:13:18","modified_gmt":"2017-11-16T07:13:18","slug":"compare-properties","status":"publish","type":"page","link":"https:\/\/urbanimobil.md\/ru\/compare-properties\/","title":{"rendered":"Compare Properties"},"content":{"rendered":"<div class=\"nothing-compares-2u\" >\r\n\t<section id=\"properties-not-found\" class=\"margin-bottom-50\">\r\n\t\t<h2>No properties to compare <\/h2>\r\n\t\t<p>Looks like you haven't add anything to compare yet!<\/p>\r\n\t<\/section>\r\n\t\t    <h3 class=\"desc-headline no-border margin-bottom-35 margin-top-60 print-no\">Check Other Properties<\/h3>\r\n\t     <div class=\"carousel\">\r\n\t\t\t\t                <div class=\"carousel-item\">\r\n\t\t               <!-- Listing Item -->\r\n<div class=\"listing-item\" \r\n\tdata-title=\"Oficiu Open Space 362 m\u00b2 \u2013 Centru, bd. \u015etefan cel Mare \u015fi Sf\u00e2nt\"\r\n\tdata-friendly-address=\"Centru, bd. \u015etefan cel Mare \u015fi Sf\u00e2nt\" \r\n\tdata-address=\"Centru, bd. \u015etefan cel Mare \u015fi Sf\u00e2nt\" \r\n\tdata-price=\"7&nbsp;240&euro;&lt;i class=&quot;price_per_scale&quot;&gt;Lunar<\/i>\"\r\n\tdata-image=\"https:\/\/urbanimobil.md\/wp-content\/uploads\/2025\/06\/aa4bcf3fc241b7f946435268392108c3-520x397.jpg?v=1749641967\" \r\n\tdata-longitude=\"\" \r\n\tdata-latitude=\"\">\r\n\r\n\t<a href=\"https:\/\/urbanimobil.md\/ru\/property\/centru\/oficiu-open-space-700mp-bd-stefan-cel-mare-si-sfant\/\" class=\"listing-img-container\">\r\n\t\t<div class=\"listing-badges\">\r\n\t\t\t\t\t\t<span class=\"property-badge property-badge-rent\">Chirie<\/span>\t\t<\/div>\r\n\r\n\t\t<div class=\"listing-img-content\">\r\n\t\t\t<span class=\"listing-price\">7&nbsp;240&euro; <i class=\"price_per_scale\"> Lunar <\/i><\/span>\r\n\t\t\t\t\t\t\t\t\r\n\t\t\t\t\t<span class=\"save right like-icon with-tip\"  data-tip-content=\"Login To Bookmark Items\"  ><\/span>\r\n\r\n\t\t\t\t\t\t\t\t\t\t\r\n\t\t\t\t\t\t\t\t\t<span class=\"compare-button with-tip\"  data-post_id=\"11422\" \r\n\t\t\t\t\t\tdata-nonce=\"d803899399\" \r\n\t\t\t\t\t\tdata-tip-content=\"Add To Compare\"  \r\n\t\t\t\t\t\tdata-tip-adding-content=\"Adding To Compare &lt;i class=&quot;fa fa-circle-o-notch fa-spin fa-fw&quot;&gt;&lt;\/i&gt;\" \r\n\t\t\t\t\t\tdata-tip-added-content=\"Added To Compare!\"><\/span>\r\n\t\t\t\t\t\t<\/div>\r\n\t\r\n\t\t<div class=\"listing-carousel\"><div><img decoding=\"async\" src=\"https:\/\/urbanimobil.md\/wp-content\/uploads\/2025\/06\/aa4bcf3fc241b7f946435268392108c3-520x397.jpg?v=1749641967\" alt=\"\"><\/div><div><img decoding=\"async\" src=\"https:\/\/urbanimobil.md\/wp-content\/uploads\/2025\/06\/695480e860e372276d3cc50825c52b9d-520x397.jpg?v=1749641966\" alt=\"\"><\/div><div><img decoding=\"async\" src=\"https:\/\/urbanimobil.md\/wp-content\/uploads\/2025\/06\/b5b58313bc223a39bdd169aa1feb59a3-520x397.jpg?v=1749641968\" alt=\"\"><\/div><\/div>\r\n\t<\/a>\r\n\t\r\n\t<div class=\"listing-content\">\r\n\r\n\t\t<div class=\"listing-title\">\r\n\t\t\t<h4><a href=\"https:\/\/urbanimobil.md\/ru\/property\/centru\/oficiu-open-space-700mp-bd-stefan-cel-mare-si-sfant\/\">Oficiu Open Space 362 m\u00b2 \u2013 Centru, bd. \u015etefan cel Mare \u015fi Sf\u00e2nt<\/a><\/h4>\r\n\t\t\t\t\t\t\r\n\t\t\t<a href=\"https:\/\/urbanimobil.md\/ru\/property\/centru\/oficiu-open-space-700mp-bd-stefan-cel-mare-si-sfant\/\" class=\"details button border\">Details<\/a>\r\n\t\t<\/div>\r\n\t\t<!-- Main Details -->\r\n<ul class=\"listing-details\">\r\n<li class=\"main-detail-_area\"><span>362<\/span> m\u00b2 <\/li><li class=\"main-detail-_tip_cl\u0103dire\">Tip cl\u0103dire <span>Business Center<\/span><\/li><li class=\"main-detail-_stare\">Stare <span>Repara\u021bie Euro<\/span><\/li><li class=\"main-detail-_destinaie\">Destina\u021bie <span>Oficii<\/span><\/li><\/ul>\t\t\r\n\t\t\r\n\t<\/div>\r\n\r\n<\/div>\r\n<!-- Listing Item \/ End -->\t\t\t        <\/div>\r\n\t\t\t \t                <div class=\"carousel-item\">\r\n\t\t               <!-- Listing Item -->\r\n<div class=\"listing-item\" \r\n\tdata-title=\"De v\u00e2nzare: Townhouse-uri moderne \u00een Codru\"\r\n\tdata-friendly-address=\"Codru, Centru, str. Schinoasa-Vale\" \r\n\tdata-address=\"Codru, Centru, str. Schinoasa-Vale\" \r\n\tdata-price=\"205&nbsp;000&euro;&lt;i class=&quot;price_per_scale&quot;&gt;1191&euro; \/ m\u00b2<\/i>\"\r\n\tdata-image=\"https:\/\/urbanimobil.md\/wp-content\/uploads\/2025\/05\/b67305447fefd6bd5d329e628617db73-520x397.jpg?v=1748521404\" \r\n\tdata-longitude=\"\" \r\n\tdata-latitude=\"\">\r\n\r\n\t<a href=\"https:\/\/urbanimobil.md\/ru\/property\/codru\/de-vanzare-townhouse-schinoasa\/\" class=\"listing-img-container\">\r\n\t\t<div class=\"listing-badges\">\r\n\t\t\t\t\t\t<span class=\"property-badge property-badge-sale\">V\u00e2nzare<\/span>\t\t<\/div>\r\n\r\n\t\t<div class=\"listing-img-content\">\r\n\t\t\t<span class=\"listing-price\">205&nbsp;000&euro; <i class=\"price_per_scale\"> 1191&euro; \/ m\u00b2 <\/i><\/span>\r\n\t\t\t\t\t\t\t\t\r\n\t\t\t\t\t<span class=\"save right like-icon with-tip\"  data-tip-content=\"Login To Bookmark Items\"  ><\/span>\r\n\r\n\t\t\t\t\t\t\t\t\t\t\r\n\t\t\t\t\t\t\t\t\t<span class=\"compare-button with-tip\"  data-post_id=\"10739\" \r\n\t\t\t\t\t\tdata-nonce=\"d803899399\" \r\n\t\t\t\t\t\tdata-tip-content=\"Add To Compare\"  \r\n\t\t\t\t\t\tdata-tip-adding-content=\"Adding To Compare &lt;i class=&quot;fa fa-circle-o-notch fa-spin fa-fw&quot;&gt;&lt;\/i&gt;\" \r\n\t\t\t\t\t\tdata-tip-added-content=\"Added To Compare!\"><\/span>\r\n\t\t\t\t\t\t<\/div>\r\n\t\r\n\t\t<div class=\"listing-carousel\"><div><img decoding=\"async\" src=\"https:\/\/urbanimobil.md\/wp-content\/uploads\/2025\/05\/b67305447fefd6bd5d329e628617db73-520x397.jpg?v=1748521404\" alt=\"\"><\/div><div><img decoding=\"async\" src=\"https:\/\/urbanimobil.md\/wp-content\/uploads\/2025\/05\/eea583fe033e7cb8fcc455825e8ad7e6-520x397.jpg?v=1748521406\" alt=\"\"><\/div><div><img decoding=\"async\" src=\"https:\/\/urbanimobil.md\/wp-content\/uploads\/2025\/05\/4d49ed1f4c73eefaca10b66538c3a1e7-520x397.jpg?v=1748521400\" alt=\"\"><\/div><\/div>\r\n\t<\/a>\r\n\t\r\n\t<div class=\"listing-content\">\r\n\r\n\t\t<div class=\"listing-title\">\r\n\t\t\t<h4><a href=\"https:\/\/urbanimobil.md\/ru\/property\/codru\/de-vanzare-townhouse-schinoasa\/\">De v\u00e2nzare: Townhouse-uri moderne \u00een Codru<\/a><\/h4>\r\n\t\t\t\t\t\t\r\n\t\t\t<a href=\"https:\/\/urbanimobil.md\/ru\/property\/codru\/de-vanzare-townhouse-schinoasa\/\" class=\"details button border\">Details<\/a>\r\n\t\t<\/div>\r\n\t\t<!-- Main Details -->\r\n<ul class=\"listing-details\">\r\n<li class=\"main-detail-_area\"><span>172<\/span> m\u00b2 <\/li><li class=\"main-detail-_suprafa_teren_ari\">Suprafa\u021b\u0103 teren (ari) <span>1<\/span><\/li><li class=\"main-detail-_rooms\">Camere <span>5<\/span><\/li><li class=\"main-detail-_bathrooms\">Grup sanitar <span>3<\/span><\/li><li class=\"main-detail-_floor\">Etaj <span>3<\/span><\/li><li class=\"main-detail-_tip_cl\u0103dire\">Tip cl\u0103dire <span>Bloc nou<\/span><\/li><li class=\"main-detail-_stare\">Stare <span>Variant\u0103 Alb\u0103<\/span><\/li><li class=\"main-detail-_destinaie\">Destina\u021bie <span>Locativ\u0103<\/span><\/li><\/ul>\t\t\r\n\t\t\r\n\t<\/div>\r\n\r\n<\/div>\r\n<!-- Listing Item \/ End -->\t\t\t        <\/div>\r\n\t\t\t \t                <div class=\"carousel-item\">\r\n\t\t               <!-- Listing Item -->\r\n<div class=\"listing-item\" \r\n\tdata-title=\"Rent | Apartament lux De \u00eenchiriat \u2013 85 m\u00b2 | Premium Tower | Centru\"\r\n\tdata-friendly-address=\"Centru, Bogdan Petriceicu Ha\u0219deu\" \r\n\tdata-address=\"Centru, Bogdan Petriceicu Ha\u0219deu\" \r\n\tdata-price=\"1&nbsp;200&euro;&lt;i class=&quot;price_per_scale&quot;&gt;Lunar<\/i>\"\r\n\tdata-image=\"https:\/\/urbanimobil.md\/wp-content\/uploads\/2025\/06\/photo_2025-06-17_14-54-09-7-520x397.jpg?v=1750161385\" \r\n\tdata-longitude=\"\" \r\n\tdata-latitude=\"\">\r\n\r\n\t<a href=\"https:\/\/urbanimobil.md\/ru\/property\/centru\/rent-apartament-lux-de-inchiriat-85mp-premium-tower\/\" class=\"listing-img-container\">\r\n\t\t<div class=\"listing-badges\">\r\n\t\t\t\t\t\t<span class=\"property-badge property-badge-rent\">Chirie<\/span>\t\t<\/div>\r\n\r\n\t\t<div class=\"listing-img-content\">\r\n\t\t\t<span class=\"listing-price\">1&nbsp;200&euro; <i class=\"price_per_scale\"> Lunar <\/i><\/span>\r\n\t\t\t\t\t\t\t\t\r\n\t\t\t\t\t<span class=\"save right like-icon with-tip\"  data-tip-content=\"Login To Bookmark Items\"  ><\/span>\r\n\r\n\t\t\t\t\t\t\t\t\t\t\r\n\t\t\t\t\t\t\t\t\t<span class=\"compare-button with-tip\"  data-post_id=\"11892\" \r\n\t\t\t\t\t\tdata-nonce=\"d803899399\" \r\n\t\t\t\t\t\tdata-tip-content=\"Add To Compare\"  \r\n\t\t\t\t\t\tdata-tip-adding-content=\"Adding To Compare &lt;i class=&quot;fa fa-circle-o-notch fa-spin fa-fw&quot;&gt;&lt;\/i&gt;\" \r\n\t\t\t\t\t\tdata-tip-added-content=\"Added To Compare!\"><\/span>\r\n\t\t\t\t\t\t<\/div>\r\n\t\r\n\t\t<div class=\"listing-carousel\"><div><img decoding=\"async\" src=\"https:\/\/urbanimobil.md\/wp-content\/uploads\/2025\/06\/photo_2025-06-17_14-54-09-7-520x397.jpg?v=1750161385\" alt=\"\"><\/div><div><img decoding=\"async\" src=\"https:\/\/urbanimobil.md\/wp-content\/uploads\/2025\/06\/photo_2025-06-17_14-54-09-6-520x397.jpg?v=1750161384\" alt=\"\"><\/div><div><img decoding=\"async\" src=\"https:\/\/urbanimobil.md\/wp-content\/uploads\/2025\/06\/photo_2025-06-17_14-54-09-8-520x397.jpg?v=1750161386\" alt=\"\"><\/div><\/div>\r\n\t<\/a>\r\n\t\r\n\t<div class=\"listing-content\">\r\n\r\n\t\t<div class=\"listing-title\">\r\n\t\t\t<h4><a href=\"https:\/\/urbanimobil.md\/ru\/property\/centru\/rent-apartament-lux-de-inchiriat-85mp-premium-tower\/\">Rent | Apartament lux De \u00eenchiriat \u2013 85 m\u00b2 | Premium Tower | Centru<\/a><\/h4>\r\n\t\t\t\t\t\t\r\n\t\t\t<a href=\"https:\/\/urbanimobil.md\/ru\/property\/centru\/rent-apartament-lux-de-inchiriat-85mp-premium-tower\/\" class=\"details button border\">Details<\/a>\r\n\t\t<\/div>\r\n\t\t<!-- Main Details -->\r\n<ul class=\"listing-details\">\r\n<li class=\"main-detail-_area\"><span>85<\/span> m\u00b2 <\/li><li class=\"main-detail-_rooms\">Camere <span>3<\/span><\/li><li class=\"main-detail-_bedrooms\">Dormitor <span>2<\/span><\/li><li class=\"main-detail-_floor\">Etaj <span>4<\/span><\/li><li class=\"main-detail-_tip_cl\u0103dire\">Tip cl\u0103dire <span>Bloc nou<\/span><\/li><li class=\"main-detail-_stare\">Stare <span>Repara\u021bie Euro<\/span><\/li><li class=\"main-detail-_destinaie\">Destina\u021bie <span>Locativ\u0103<\/span><\/li><\/ul>\t\t\r\n\t\t\r\n\t<\/div>\r\n\r\n<\/div>\r\n<!-- Listing Item \/ End -->\t\t\t        <\/div>\r\n\t\t\t \t                <div class=\"carousel-item\">\r\n\t\t               <!-- Listing Item -->\r\n<div class=\"listing-item\" \r\n\tdata-title=\"OFICIU | CENTRU | STR. MIHAI VITEAZUL | BUSINESS CENTRU ROYAL TOWER\"\r\n\tdata-friendly-address=\"Str. Mihai Viteazul\" \r\n\tdata-address=\"Str. Mihai Viteazul\" \r\n\tdata-price=\"600&euro;&lt;i class=&quot;price_per_scale&quot;&gt;Lunar<\/i>\"\r\n\tdata-image=\"https:\/\/urbanimobil.md\/wp-content\/uploads\/2022\/05\/9220538ee909a8c5defd673886f4dcbb-520x397.jpg?v=1740649195\" \r\n\tdata-longitude=\"\" \r\n\tdata-latitude=\"\">\r\n\r\n\t<a href=\"https:\/\/urbanimobil.md\/ru\/property\/centru\/business-centru-royal-tower\/\" class=\"listing-img-container\">\r\n\t\t<div class=\"listing-badges\">\r\n\t\t\t\t\t\t<span class=\"property-badge property-badge-rent\">Chirie<\/span>\t\t<\/div>\r\n\r\n\t\t<div class=\"listing-img-content\">\r\n\t\t\t<span class=\"listing-price\">600&euro; <i class=\"price_per_scale\"> Lunar <\/i><\/span>\r\n\t\t\t\t\t\t\t\t\r\n\t\t\t\t\t<span class=\"save right like-icon with-tip\"  data-tip-content=\"Login To Bookmark Items\"  ><\/span>\r\n\r\n\t\t\t\t\t\t\t\t\t\t\r\n\t\t\t\t\t\t\t\t\t<span class=\"compare-button with-tip\"  data-post_id=\"8257\" \r\n\t\t\t\t\t\tdata-nonce=\"d803899399\" \r\n\t\t\t\t\t\tdata-tip-content=\"Add To Compare\"  \r\n\t\t\t\t\t\tdata-tip-adding-content=\"Adding To Compare &lt;i class=&quot;fa fa-circle-o-notch fa-spin fa-fw&quot;&gt;&lt;\/i&gt;\" \r\n\t\t\t\t\t\tdata-tip-added-content=\"Added To Compare!\"><\/span>\r\n\t\t\t\t\t\t<\/div>\r\n\t\r\n\t\t<div class=\"listing-carousel\"><div><img decoding=\"async\" src=\"https:\/\/urbanimobil.md\/wp-content\/uploads\/2022\/05\/9220538ee909a8c5defd673886f4dcbb-520x397.jpg?v=1740649195\" alt=\"\"><\/div><div><img decoding=\"async\" src=\"https:\/\/urbanimobil.md\/wp-content\/uploads\/2022\/05\/1f60a469c4db671d294c7049cb8da2ed-520x397.jpg?v=1740649219\" alt=\"\"><\/div><div><img decoding=\"async\" src=\"https:\/\/urbanimobil.md\/wp-content\/uploads\/2022\/05\/398e1fbee41dc98b1c0c55adf3e0dc61-520x397.jpg?v=1740649199\" alt=\"\"><\/div><\/div>\r\n\t<\/a>\r\n\t\r\n\t<div class=\"listing-content\">\r\n\r\n\t\t<div class=\"listing-title\">\r\n\t\t\t<h4><a href=\"https:\/\/urbanimobil.md\/ru\/property\/centru\/business-centru-royal-tower\/\">OFICIU | CENTRU | STR. MIHAI VITEAZUL | BUSINESS CENTRU ROYAL TOWER<\/a><\/h4>\r\n\t\t\t\t\t\t\r\n\t\t\t<a href=\"https:\/\/urbanimobil.md\/ru\/property\/centru\/business-centru-royal-tower\/\" class=\"details button border\">Details<\/a>\r\n\t\t<\/div>\r\n\t\t<!-- Main Details -->\r\n<ul class=\"listing-details\">\r\n<li class=\"main-detail-_area\"><span>27<\/span> m\u00b2 <\/li><li class=\"main-detail-_floor\">Etaj <span>1-10<\/span><\/li><li class=\"main-detail-_tip_cl\u0103dire\">Tip cl\u0103dire <span>Business Center<\/span><\/li><li class=\"main-detail-_stare\">Stare <span>Repara\u021bie Euro<\/span><\/li><li class=\"main-detail-_destinaie\">Destina\u021bie <span>Oficii<\/span><\/li><\/ul>\t\t\r\n\t\t\r\n\t<\/div>\r\n\r\n<\/div>\r\n<!-- Listing Item \/ End -->\t\t\t        <\/div>\r\n\t\t\t \t                <div class=\"carousel-item\">\r\n\t\t               <!-- Listing Item -->\r\n<div class=\"listing-item\" \r\n\tdata-title=\"Apartament exclusiv de v\u00e2nzare \u2013 85 m\u00b2 | Premium Tower | Centru\"\r\n\tdata-friendly-address=\"Centru, Bogdan Petriceicu Ha\u0219deu\" \r\n\tdata-address=\"Centru, Bogdan Petriceicu Ha\u0219deu\" \r\n\tdata-price=\"249&nbsp;000&euro;&lt;i class=&quot;price_per_scale&quot;&gt;2929&euro; \/ m\u00b2<\/i>\"\r\n\tdata-image=\"https:\/\/urbanimobil.md\/wp-content\/uploads\/2025\/06\/photo_2025-06-17_14-54-09-7-520x397.jpg?v=1750161385\" \r\n\tdata-longitude=\"\" \r\n\tdata-latitude=\"\">\r\n\r\n\t<a href=\"https:\/\/urbanimobil.md\/ru\/property\/centru\/apartament-exclusiv-de-vanzare-85mp-premium-tower\/\" class=\"listing-img-container\">\r\n\t\t<div class=\"listing-badges\">\r\n\t\t\t\t\t\t<span class=\"property-badge property-badge-sale\">V\u00e2nzare<\/span>\t\t<\/div>\r\n\r\n\t\t<div class=\"listing-img-content\">\r\n\t\t\t<span class=\"listing-price\">249&nbsp;000&euro; <i class=\"price_per_scale\"> 2929&euro; \/ m\u00b2 <\/i><\/span>\r\n\t\t\t\t\t\t\t\t\r\n\t\t\t\t\t<span class=\"save right like-icon with-tip\"  data-tip-content=\"Login To Bookmark Items\"  ><\/span>\r\n\r\n\t\t\t\t\t\t\t\t\t\t\r\n\t\t\t\t\t\t\t\t\t<span class=\"compare-button with-tip\"  data-post_id=\"11874\" \r\n\t\t\t\t\t\tdata-nonce=\"d803899399\" \r\n\t\t\t\t\t\tdata-tip-content=\"Add To Compare\"  \r\n\t\t\t\t\t\tdata-tip-adding-content=\"Adding To Compare &lt;i class=&quot;fa fa-circle-o-notch fa-spin fa-fw&quot;&gt;&lt;\/i&gt;\" \r\n\t\t\t\t\t\tdata-tip-added-content=\"Added To Compare!\"><\/span>\r\n\t\t\t\t\t\t<\/div>\r\n\t\r\n\t\t<div class=\"listing-carousel\"><div><img decoding=\"async\" src=\"https:\/\/urbanimobil.md\/wp-content\/uploads\/2025\/06\/photo_2025-06-17_14-54-09-7-520x397.jpg?v=1750161385\" alt=\"\"><\/div><div><img decoding=\"async\" src=\"https:\/\/urbanimobil.md\/wp-content\/uploads\/2025\/06\/photo_2025-06-17_14-54-10-520x397.jpg?v=1750161389\" alt=\"\"><\/div><div><img decoding=\"async\" src=\"https:\/\/urbanimobil.md\/wp-content\/uploads\/2025\/06\/photo_2025-06-17_14-54-07-520x397.jpg?v=1750161373\" alt=\"\"><\/div><\/div>\r\n\t<\/a>\r\n\t\r\n\t<div class=\"listing-content\">\r\n\r\n\t\t<div class=\"listing-title\">\r\n\t\t\t<h4><a href=\"https:\/\/urbanimobil.md\/ru\/property\/centru\/apartament-exclusiv-de-vanzare-85mp-premium-tower\/\">Apartament exclusiv de v\u00e2nzare \u2013 85 m\u00b2 | Premium Tower | Centru<\/a><\/h4>\r\n\t\t\t\t\t\t\r\n\t\t\t<a href=\"https:\/\/urbanimobil.md\/ru\/property\/centru\/apartament-exclusiv-de-vanzare-85mp-premium-tower\/\" class=\"details button border\">Details<\/a>\r\n\t\t<\/div>\r\n\t\t<!-- Main Details -->\r\n<ul class=\"listing-details\">\r\n<li class=\"main-detail-_area\"><span>85<\/span> m\u00b2 <\/li><li class=\"main-detail-_rooms\">Camere <span>3<\/span><\/li><li class=\"main-detail-_bedrooms\">Dormitor <span>2<\/span><\/li><li class=\"main-detail-_bathrooms\">Grup sanitar <span>1<\/span><\/li><li class=\"main-detail-_floor\">Etaj <span>4<\/span><\/li><li class=\"main-detail-_tip_cl\u0103dire\">Tip cl\u0103dire <span>Bloc nou<\/span><\/li><li class=\"main-detail-_stare\">Stare <span>Repara\u021bie Euro<\/span><\/li><li class=\"main-detail-_destinaie\">Destina\u021bie <span>Locativ\u0103<\/span><\/li><\/ul>\t\t\r\n\t\t\r\n\t<\/div>\r\n\r\n<\/div>\r\n<!-- Listing Item \/ End -->\t\t\t        <\/div>\r\n\t\t\t \t                <div class=\"carousel-item\">\r\n\t\t               <!-- Listing Item -->\r\n<div class=\"listing-item\" \r\n\tdata-title=\"EMINESCU OFFICES | 610 MP | SPATIU COMERCIAL \u00ceN 2 NIVELE |\"\r\n\tdata-friendly-address=\"Str. Eminescu\" \r\n\tdata-address=\"Str. Eminescu\" \r\n\tdata-price=\"1 525 000&lt;i class=&quot;price_per_scale&quot;&gt;<\/i>\"\r\n\tdata-image=\"https:\/\/urbanimobil.md\/wp-content\/uploads\/2024\/11\/521A9691-520x397.jpg?v=1740647767\" \r\n\tdata-longitude=\"\" \r\n\tdata-latitude=\"\">\r\n\r\n\t<a href=\"https:\/\/urbanimobil.md\/ru\/property\/centru\/eminescu-offices-610-mp-spatiu-comercial-in-2-nivele\/\" class=\"listing-img-container\">\r\n\t\t<div class=\"listing-badges\">\r\n\t\t\t\t\t\t<span class=\"property-badge property-badge-sale\">V\u00e2nzare<\/span>\t\t<\/div>\r\n\r\n\t\t<div class=\"listing-img-content\">\r\n\t\t\t<span class=\"listing-price\">1 525 000 <i class=\"price_per_scale\">  <\/i><\/span>\r\n\t\t\t\t\t\t\t\t\r\n\t\t\t\t\t<span class=\"save right like-icon with-tip\"  data-tip-content=\"Login To Bookmark Items\"  ><\/span>\r\n\r\n\t\t\t\t\t\t\t\t\t\t\r\n\t\t\t\t\t\t\t\t\t<span class=\"compare-button with-tip\"  data-post_id=\"9325\" \r\n\t\t\t\t\t\tdata-nonce=\"d803899399\" \r\n\t\t\t\t\t\tdata-tip-content=\"Add To Compare\"  \r\n\t\t\t\t\t\tdata-tip-adding-content=\"Adding To Compare &lt;i class=&quot;fa fa-circle-o-notch fa-spin fa-fw&quot;&gt;&lt;\/i&gt;\" \r\n\t\t\t\t\t\tdata-tip-added-content=\"Added To Compare!\"><\/span>\r\n\t\t\t\t\t\t<\/div>\r\n\t\r\n\t\t<div class=\"listing-carousel\"><div><img decoding=\"async\" src=\"https:\/\/urbanimobil.md\/wp-content\/uploads\/2024\/11\/521A9691-520x397.jpg?v=1740647767\" alt=\"\"><\/div><div><img decoding=\"async\" src=\"https:\/\/urbanimobil.md\/wp-content\/uploads\/2024\/11\/521A9693-520x397.jpg?v=1740647766\" alt=\"\"><\/div><div><img decoding=\"async\" src=\"https:\/\/urbanimobil.md\/wp-content\/uploads\/2024\/11\/521A9695-520x397.jpg?v=1740647765\" alt=\"\"><\/div><\/div>\r\n\t<\/a>\r\n\t\r\n\t<div class=\"listing-content\">\r\n\r\n\t\t<div class=\"listing-title\">\r\n\t\t\t<h4><a href=\"https:\/\/urbanimobil.md\/ru\/property\/centru\/eminescu-offices-610-mp-spatiu-comercial-in-2-nivele\/\">EMINESCU OFFICES | 610 MP | SPATIU COMERCIAL \u00ceN 2 NIVELE |<\/a><\/h4>\r\n\t\t\t\t\t\t\r\n\t\t\t<a href=\"https:\/\/urbanimobil.md\/ru\/property\/centru\/eminescu-offices-610-mp-spatiu-comercial-in-2-nivele\/\" class=\"details button border\">Details<\/a>\r\n\t\t<\/div>\r\n\t\t<!-- Main Details -->\r\n<ul class=\"listing-details\">\r\n<li class=\"main-detail-_area\"><span>610<\/span> m\u00b2 <\/li><li class=\"main-detail-_stare\">Stare <span><\/span><\/li><li class=\"main-detail-_destinaie\">Destina\u021bie <span>Oficii<\/span><\/li><\/ul>\t\t\r\n\t\t\r\n\t<\/div>\r\n\r\n<\/div>\r\n<!-- Listing Item \/ End -->\t\t\t        <\/div>\r\n\t\t\t \t        <\/div>\r\n\t\t\t<\/div>\r\n\t\r\n\r\n<!-- Compare List \/ End -->","protected":false},"excerpt":{"rendered":"Oficii Premium de \u00cenchiriat \u2013 362 m\u00b2 Open Space | Business Centru Clasa A | bd. \u0218tefan cel Mare \ud83d\udccd Amplasare excep\u021bional\u0103: Ultracentral \u2013 bd. \u0218tefan cel Mare \u0219i Sf\u00e2nt\ud83c\udfe2 Cl\u0103dire Business Centru Clasa A \u2013 standarde interna\u021bionale, infrastructur\u0103 profesional\u0103\ud83d\udcd0 Suprafa\u021b\u0103 disponibil\u0103: 362 m\u00b2 (open space, cu repara\u021bie nou\u0103)\ud83c\udfd9\ufe0f Suprafa\u021b\u0103 total\u0103 cl\u0103dire: 15.000 m\u00b2 Facilit\u0103\u021bi [...]","protected":false},"author":1,"featured_media":0,"parent":0,"menu_order":0,"comment_status":"closed","ping_status":"closed","template":"","meta":{"footnotes":""},"class_list":["post-133","page","type-page","status-publish","hentry"],"yoast_head":"<!-- This site is optimized with the Yoast SEO plugin v24.4 - https:\/\/yoast.com\/wordpress\/plugins\/seo\/ -->\n<title>Compare Properties - UrbanImobil<\/title>\n<meta name=\"robots\" content=\"index, follow, max-snippet:-1, max-image-preview:large, max-video-preview:-1\" \/>\n<link rel=\"canonical\" href=\"https:\/\/urbanimobil.md\/ru\/compare-properties\/\" \/>\n<meta property=\"og:locale\" content=\"ru_RU\" \/>\n<meta property=\"og:type\" content=\"article\" \/>\n<meta property=\"og:title\" content=\"Compare Properties - UrbanImobil\" \/>\n<meta property=\"og:url\" content=\"https:\/\/urbanimobil.md\/ru\/compare-properties\/\" \/>\n<meta property=\"og:site_name\" content=\"UrbanImobil\" \/>\n<meta property=\"article:publisher\" content=\"https:\/\/www.facebook.com\/urbanimobil.md\/\" \/>\n<meta name=\"twitter:card\" content=\"summary_large_image\" \/>\n<script type=\"application\/ld+json\" class=\"yoast-schema-graph\">{\"@context\":\"https:\/\/schema.org\",\"@graph\":[{\"@type\":\"WebPage\",\"@id\":\"https:\/\/urbanimobil.md\/compare-properties\/\",\"url\":\"https:\/\/urbanimobil.md\/compare-properties\/\",\"name\":\"Compare Properties - UrbanImobil\",\"isPartOf\":{\"@id\":\"https:\/\/urbanimobil.md\/#website\"},\"datePublished\":\"2017-11-16T07:13:18+00:00\",\"breadcrumb\":{\"@id\":\"https:\/\/urbanimobil.md\/compare-properties\/#breadcrumb\"},\"inLanguage\":\"ru-RU\",\"potentialAction\":[{\"@type\":\"ReadAction\",\"target\":[\"https:\/\/urbanimobil.md\/compare-properties\/\"]}]},{\"@type\":\"BreadcrumbList\",\"@id\":\"https:\/\/urbanimobil.md\/compare-properties\/#breadcrumb\",\"itemListElement\":[{\"@type\":\"ListItem\",\"position\":1,\"name\":\"Home\",\"item\":\"https:\/\/urbanimobil.md\/\"},{\"@type\":\"ListItem\",\"position\":2,\"name\":\"Compare Properties\"}]},{\"@type\":\"WebSite\",\"@id\":\"https:\/\/urbanimobil.md\/#website\",\"url\":\"https:\/\/urbanimobil.md\/\",\"name\":\"UrbanImobil\",\"description\":\"\",\"publisher\":{\"@id\":\"https:\/\/urbanimobil.md\/#organization\"},\"potentialAction\":[{\"@type\":\"SearchAction\",\"target\":{\"@type\":\"EntryPoint\",\"urlTemplate\":\"https:\/\/urbanimobil.md\/?s={search_term_string}\"},\"query-input\":{\"@type\":\"PropertyValueSpecification\",\"valueRequired\":true,\"valueName\":\"search_term_string\"}}],\"inLanguage\":\"ru-RU\"},{\"@type\":\"Organization\",\"@id\":\"https:\/\/urbanimobil.md\/#organization\",\"name\":\"Urban Imobil\",\"url\":\"https:\/\/urbanimobil.md\/\",\"logo\":{\"@type\":\"ImageObject\",\"inLanguage\":\"ru-RU\",\"@id\":\"https:\/\/urbanimobil.md\/#\/schema\/logo\/image\/\",\"url\":\"https:\/\/urbanimobil.md\/wp-content\/uploads\/2018\/09\/Untitled-1.png\",\"contentUrl\":\"https:\/\/urbanimobil.md\/wp-content\/uploads\/2018\/09\/Untitled-1.png\",\"width\":220,\"height\":74,\"caption\":\"Urban Imobil\"},\"image\":{\"@id\":\"https:\/\/urbanimobil.md\/#\/schema\/logo\/image\/\"},\"sameAs\":[\"https:\/\/www.facebook.com\/urbanimobil.md\/\"]}]}<\/script>\n<!-- \/ Yoast SEO plugin. -->","yoast_head_json":{"title":"Compare Properties - UrbanImobil","robots":{"index":"index","follow":"follow","max-snippet":"max-snippet:-1","max-image-preview":"max-image-preview:large","max-video-preview":"max-video-preview:-1"},"canonical":"https:\/\/urbanimobil.md\/ru\/compare-properties\/","og_locale":"ru_RU","og_type":"article","og_title":"Compare Properties - UrbanImobil","og_url":"https:\/\/urbanimobil.md\/ru\/compare-properties\/","og_site_name":"UrbanImobil","article_publisher":"https:\/\/www.facebook.com\/urbanimobil.md\/","twitter_card":"summary_large_image","schema":{"@context":"https:\/\/schema.org","@graph":[{"@type":"WebPage","@id":"https:\/\/urbanimobil.md\/compare-properties\/","url":"https:\/\/urbanimobil.md\/compare-properties\/","name":"Compare Properties - UrbanImobil","isPartOf":{"@id":"https:\/\/urbanimobil.md\/#website"},"datePublished":"2017-11-16T07:13:18+00:00","breadcrumb":{"@id":"https:\/\/urbanimobil.md\/compare-properties\/#breadcrumb"},"inLanguage":"ru-RU","potentialAction":[{"@type":"ReadAction","target":["https:\/\/urbanimobil.md\/compare-properties\/"]}]},{"@type":"BreadcrumbList","@id":"https:\/\/urbanimobil.md\/compare-properties\/#breadcrumb","itemListElement":[{"@type":"ListItem","position":1,"name":"Home","item":"https:\/\/urbanimobil.md\/"},{"@type":"ListItem","position":2,"name":"Compare Properties"}]},{"@type":"WebSite","@id":"https:\/\/urbanimobil.md\/#website","url":"https:\/\/urbanimobil.md\/","name":"UrbanImobil","description":"","publisher":{"@id":"https:\/\/urbanimobil.md\/#organization"},"potentialAction":[{"@type":"SearchAction","target":{"@type":"EntryPoint","urlTemplate":"https:\/\/urbanimobil.md\/?s={search_term_string}"},"query-input":{"@type":"PropertyValueSpecification","valueRequired":true,"valueName":"search_term_string"}}],"inLanguage":"ru-RU"},{"@type":"Organization","@id":"https:\/\/urbanimobil.md\/#organization","name":"Urban Imobil","url":"https:\/\/urbanimobil.md\/","logo":{"@type":"ImageObject","inLanguage":"ru-RU","@id":"https:\/\/urbanimobil.md\/#\/schema\/logo\/image\/","url":"https:\/\/urbanimobil.md\/wp-content\/uploads\/2018\/09\/Untitled-1.png","contentUrl":"https:\/\/urbanimobil.md\/wp-content\/uploads\/2018\/09\/Untitled-1.png","width":220,"height":74,"caption":"Urban Imobil"},"image":{"@id":"https:\/\/urbanimobil.md\/#\/schema\/logo\/image\/"},"sameAs":["https:\/\/www.facebook.com\/urbanimobil.md\/"]}]}},"_links":{"self":[{"href":"https:\/\/urbanimobil.md\/ru\/wp-json\/wp\/v2\/pages\/133","targetHints":{"allow":["GET"]}}],"collection":[{"href":"https:\/\/urbanimobil.md\/ru\/wp-json\/wp\/v2\/pages"}],"about":[{"href":"https:\/\/urbanimobil.md\/ru\/wp-json\/wp\/v2\/types\/page"}],"author":[{"embeddable":true,"href":"https:\/\/urbanimobil.md\/ru\/wp-json\/wp\/v2\/users\/1"}],"replies":[{"embeddable":true,"href":"https:\/\/urbanimobil.md\/ru\/wp-json\/wp\/v2\/comments?post=133"}],"version-history":[{"count":0,"href":"https:\/\/urbanimobil.md\/ru\/wp-json\/wp\/v2\/pages\/133\/revisions"}],"wp:attachment":[{"href":"https:\/\/urbanimobil.md\/ru\/wp-json\/wp\/v2\/media?parent=133"}],"curies":[{"name":"wp","href":"https:\/\/api.w.org\/{rel}","templated":true}]}}